{"id":6813,"date":"2022-10-07T19:54:25","date_gmt":"2022-10-07T19:54:25","guid":{"rendered":"https:\/\/fixreumung.at\/?page_id=6813"},"modified":"2025-04-12T12:48:11","modified_gmt":"2025-04-12T12:48:11","slug":"imprint","status":"publish","type":"page","link":"https:\/\/fixreumung.at\/en\/imprint\/","title":{"rendered":"Imprint"},"content":{"rendered":"<div data-elementor-type=\"wp-page\" data-elementor-id=\"6813\" class=\"elementor elementor-6813\" data-elementor-post-type=\"page\">\n\t\t\t\t<div class=\"elementor-element elementor-element-21218a80 e-flex e-con-boxed e-con e-parent\" data-id=\"21218a80\" data-element_type=\"container\" data-e-type=\"container\">\n\t\t\t\t\t<div class=\"e-con-inner\">\n\t\t\t\t<div class=\"elementor-element elementor-element-36dcdfba elementor-widget elementor-widget-text-editor\" data-id=\"36dcdfba\" data-element_type=\"widget\" data-e-type=\"widget\" data-widget_type=\"text-editor.default\">\n\t\t\t\t<div class=\"elementor-widget-container\">\n\t\t\t\t\t\t\t\t\t<p><\/p>\n<h1 class=\"wp-block-heading\">Imprint<\/h1>\n<p><\/p>\n<p>Firmenname: FIXREUMUNG GmbH<br>Adresse: Heiligenst\u00e4dter Str. 32\/303 A-1190 Wien<br>E-Mail: office@fixreumung.at<br>Telephone: <a href=\"tel:+436765055437\"><span>+436765055437<\/span><\/a><\/p>\n<p><\/p>\n<p>Sales tax identification number: ATU79015815<br>Company register number: FN 590214 m<br>Commercial Register Court: Commercial Court Vienna<\/p>\n<p><\/p>\n<p>Member of the Vienna Chamber of Commerce<br>Supervisory authority: Municipal district office of the 10th district<br>Unternehmensgegenstand: Transportunternehmen<br>Managing Director: Martin Wagner<\/p>\n<p><\/p>\t\t\t\t\t\t\t\t<\/div>\n\t\t\t\t<\/div>\n\t\t\t\t\t<\/div>\n\t\t\t\t<\/div>\n\t\t\t\t<\/div>","protected":false},"excerpt":{"rendered":"<p>Impressum Firmenname: FIXREUMUNG GmbHAdresse: Heiligenst\u00e4dter Str. 32\/303 A-1190 WienE-Mail: office@fixreumung.atTelefon: +436765055437 Umsatzsteuer-Identifikationsnummer: ATU79015815Firmenbuchnummer: FN 590214 mFirmenbuchgericht: Handelsgericht Wien Mitglied der Wirtschaftskammer WienAufsichtsbeh\u00f6rde: Magistratisches Bezirksamt des 10. BezirksUnternehmensgegenstand: TransportunternehmenGesch\u00e4ftsf\u00fchrer: Martin Wagner<\/p>","protected":false},"author":9,"featured_media":0,"parent":0,"menu_order":0,"comment_status":"closed","ping_status":"closed","template":"","meta":{"footnotes":""},"class_list":["post-6813","page","type-page","status-publish","hentry"],"_links":{"self":[{"href":"https:\/\/fixreumung.at\/en\/wp-json\/wp\/v2\/pages\/6813","targetHints":{"allow":["GET"]}}],"collection":[{"href":"https:\/\/fixreumung.at\/en\/wp-json\/wp\/v2\/pages"}],"about":[{"href":"https:\/\/fixreumung.at\/en\/wp-json\/wp\/v2\/types\/page"}],"author":[{"embeddable":true,"href":"https:\/\/fixreumung.at\/en\/wp-json\/wp\/v2\/users\/9"}],"replies":[{"embeddable":true,"href":"https:\/\/fixreumung.at\/en\/wp-json\/wp\/v2\/comments?post=6813"}],"version-history":[{"count":6,"href":"https:\/\/fixreumung.at\/en\/wp-json\/wp\/v2\/pages\/6813\/revisions"}],"predecessor-version":[{"id":11939,"href":"https:\/\/fixreumung.at\/en\/wp-json\/wp\/v2\/pages\/6813\/revisions\/11939"}],"wp:attachment":[{"href":"https:\/\/fixreumung.at\/en\/wp-json\/wp\/v2\/media?parent=6813"}],"curies":[{"name":"wp","href":"https:\/\/api.w.org\/{rel}","templated":true}]}}