{"id":6057,"date":"2022-03-01T11:12:49","date_gmt":"2022-03-01T11:12:49","guid":{"rendered":"https:\/\/themeim.com\/wp\/panthar\/?page_id=6057"},"modified":"2025-04-21T09:36:39","modified_gmt":"2025-04-21T09:36:39","slug":"kontakt-raeumungen-alle-arten-wien-und-umgebung","status":"publish","type":"page","link":"https:\/\/fixreumung.at\/en\/kontakt-raeumungen-alle-arten-wien-und-umgebung\/","title":{"rendered":"Contact us"},"content":{"rendered":"<div data-elementor-type=\"wp-page\" data-elementor-id=\"6057\" class=\"elementor elementor-6057\" data-elementor-post-type=\"page\">\n\t\t\t\t<div class=\"elementor-element elementor-element-2dad6d7 e-flex e-con-boxed e-con e-parent\" data-id=\"2dad6d7\" data-element_type=\"container\" data-e-type=\"container\">\n\t\t\t\t\t<div class=\"e-con-inner\">\n\t\t\t\t<div class=\"elementor-element elementor-element-ff52244 elementor-widget elementor-widget-panthar-section-title-widget\" data-id=\"ff52244\" data-element_type=\"widget\" data-e-type=\"widget\" data-widget_type=\"panthar-section-title-widget.default\">\n\t\t\t\t<div class=\"elementor-widget-container\">\n\t\t\t\t\t\r\n        <div class=\"theme-heading-title\" style=\"text-align:center\">\r\n                            <div class=\"subtitle shape\">\r\n                    <div class=\"icon-left wow fadeInRight animated\">\r\n                                            <\/div>\r\n                    REQUEST NOW                    <div class=\"icon-right wow fadeInLeft animated\">\r\n                                            <\/div>\r\n                <\/div>\r\n                                        <h3 class=\"title\">\r\n                    <h1>CONTACT NOW<\/h1>\n                <\/h3>\r\n                                    <p>Ihr Profi f\u00fcr Entr\u00fcmpelung in Wien, N\u00d6 &amp; Burgenland \ud83c\udde6\ud83c\uddf9\nZackig, sauber &amp; diskret \u2013 mit Herz, Verstand und Wiener Schm\u00e4h.\n\nWir r\u00e4umen auf, wo\u2019s brennt \u2013 verl\u00e4sslich, flott und ohne gro\u00dfes G&#039;red.<\/p>                    <\/div>\r\n        \t\t\t\t<\/div>\n\t\t\t\t<\/div>\n\t\t\t\t<div class=\"elementor-element elementor-element-3bdf43a elementor-widget elementor-widget-shortcode\" data-id=\"3bdf43a\" data-element_type=\"widget\" data-e-type=\"widget\" data-widget_type=\"shortcode.default\">\n\t\t\t\t<div class=\"elementor-widget-container\">\n\t\t\t\t\t\t\t<div class=\"elementor-shortcode\"><div class=\"wpforms-container wpforms-container-full\" id=\"wpforms-6528\"><form id=\"wpforms-form-6528\" class=\"wpforms-validate wpforms-form\" data-formid=\"6528\" method=\"post\" enctype=\"multipart\/form-data\" action=\"\/en\/wp-json\/wp\/v2\/pages\/6057\" data-token=\"277d1162e92e04b9fc916282085d9a6f\" data-token-time=\"1778068949\" data-trp-original-action=\"\/en\/wp-json\/wp\/v2\/pages\/6057\"><noscript class=\"wpforms-error-noscript\">Please enable JavaScript in your browser to complete this form.<\/noscript><div class=\"wpforms-field-container\"><div id=\"wpforms-6528-field_0-container\" class=\"wpforms-field wpforms-field-name wpforms-one-half wpforms-first\" data-field-id=\"0\"><label class=\"wpforms-field-label wpforms-label-hide\" for=\"wpforms-6528-field_0\">Name <span class=\"wpforms-required-label\">*<\/span><\/label><input type=\"text\" id=\"wpforms-6528-field_0\" class=\"wpforms-field-large wpforms-field-required\" name=\"wpforms[fields][0]\" placeholder=\"Name*\" required><\/div><div id=\"wpforms-6528-field_6-container\" class=\"wpforms-field wpforms-field-text wpforms-one-half\" data-field-id=\"6\"><label class=\"wpforms-field-label wpforms-label-hide\" for=\"wpforms-6528-field_6\">Company<\/label><input type=\"text\" id=\"wpforms-6528-field_6\" class=\"wpforms-field-large\" name=\"wpforms[fields][6]\" placeholder=\"Company\" ><\/div><div id=\"wpforms-6528-field_2-container\" class=\"wpforms-field wpforms-field-email wpforms-one-half wpforms-firstwpforms-one-half wpforms-first\" data-field-id=\"2\"><label class=\"wpforms-field-label wpforms-label-hide\" for=\"wpforms-6528-field_2\">Email <span class=\"wpforms-required-label\">*<\/span><\/label><input type=\"email\" id=\"wpforms-6528-field_2\" class=\"wpforms-field-large wpforms-field-required\" name=\"wpforms[fields][2]\" placeholder=\"Email\" spellcheck=\"false\" required><\/div><div id=\"wpforms-6528-field_1-container\" class=\"wpforms-field wpforms-field-phone wpforms-one-half\" data-field-id=\"1\"><label class=\"wpforms-field-label wpforms-label-hide\" for=\"wpforms-6528-field_1\">Telephone <span class=\"wpforms-required-label\">*<\/span><\/label><input type=\"tel\" id=\"wpforms-6528-field_1\" class=\"wpforms-field-large wpforms-field-required wpforms-smart-phone-field\" data-rule-smart-phone-field=\"true\" name=\"wpforms[fields][1]\" placeholder=\"Telephone*\" aria-label=\"Telephone\" required><\/div><div id=\"wpforms-6528-field_3-container\" class=\"wpforms-field wpforms-field-select wpforms-field-select-style-modern\" data-field-id=\"3\"><label class=\"wpforms-field-label wpforms-label-hide\" for=\"wpforms-6528-field_3\">Subject <span class=\"wpforms-required-label\">*<\/span><\/label><select id=\"wpforms-6528-field_3\" class=\"wpforms-field-large wpforms-field-required choicesjs-select\" data-size-class=\"wpforms-field-row wpforms-field-large\" data-search-enabled=\"\" name=\"wpforms[fields][3][]\" required=\"required\" multiple=\"multiple\"><option value=\"\" class=\"placeholder\" disabled>Subject<\/option><option value=\"KELLERREUMUNG\" >KELLERREUMUNG<\/option><option value=\"WOHNUNGREUMUNG\" >WOHNUNGREUMUNG<\/option><option value=\"VERLASSENSCHAFTREUMUNG\" >VERLASSENSCHAFTREUMUNG<\/option><option value=\"GESCH\u00c4FTSAUFL\u00d6SUNG\" >GESCH\u00c4FTSAUFL\u00d6SUNG<\/option><option value=\"MESSIE REUMUNG\" >MESSIE REUMUNG<\/option><option value=\"UMZUG IN WIEN\" >UMZUG IN WIEN<\/option><option value=\"UMZUG AUSSER WIEN\" >UMZUG AUSSER WIEN<\/option><\/select><\/div><div id=\"wpforms-6528-field_5-container\" class=\"wpforms-field wpforms-field-number-slider\" data-field-id=\"5\"><label class=\"wpforms-field-label wpforms-label-hide\" for=\"wpforms-6528-field_5\">Quantity<\/label>\n<input\n\ttype=\"range\"\n\tid=\"wpforms-6528-field_5\" class=\"wpforms-field-large\" name=\"wpforms[fields][5]\" value=\"0\"\t\tmin=\"0\"\n\tmax=\"150\"\n\tstep=\"1\">\n\n<div class=\"wpforms-field-number-slider-hint\"\n\tdata-hint=\"Anzahl von Personen: {value}\">\n\tNumber of persons: <b>0<\/b><\/div>\n<\/div><div id=\"wpforms-6528-field_4-container\" class=\"wpforms-field wpforms-field-textarea\" data-field-id=\"4\"><label class=\"wpforms-field-label wpforms-label-hide\" for=\"wpforms-6528-field_4\">Message<\/label><textarea id=\"wpforms-6528-field_4\" class=\"wpforms-field-medium\" name=\"wpforms[fields][4]\" placeholder=\"Message\" ><\/textarea><\/div><\/div><!-- .wpforms-field-container --><div class=\"wpforms-recaptcha-container wpforms-is-recaptcha wpforms-is-recaptcha-type-invisible\" ><div class=\"g-recaptcha\" data-sitekey=\"6Le9rZQiAAAAAH8JTxJq1KfQx9gC5OJIkr0OiUgW\" data-size=\"invisible\"><\/div><\/div><div class=\"wpforms-submit-container\" ><input type=\"hidden\" name=\"wpforms[id]\" value=\"6528\"><input type=\"hidden\" name=\"page_title\" value=\"\"><input type=\"hidden\" name=\"page_url\" value=\"https:\/\/fixreumung.at\/en\/wp-json\/wp\/v2\/pages\/6057\"><button type=\"submit\" name=\"wpforms[submit]\" id=\"wpforms-submit-6528\" class=\"wpforms-submit\" data-alt-text=\"Wird gesendet....\" data-submit-text=\"Senden\" aria-live=\"assertive\" value=\"wpforms-submit\">Send<\/button><\/div><input type=\"hidden\" name=\"trp-form-language\" value=\"en\"\/><\/form><\/div>  <!-- .wpforms-container --><\/div>\n\t\t\t\t\t\t<\/div>\n\t\t\t\t<\/div>\n\t\t\t\t\t<\/div>\n\t\t\t\t<\/div>\n\t\t<div class=\"elementor-element elementor-element-905ed17 e-flex e-con-boxed e-con e-parent\" data-id=\"905ed17\" data-element_type=\"container\" data-e-type=\"container\" data-settings=\"{&quot;background_background&quot;:&quot;classic&quot;}\">\n\t\t\t\t\t<div class=\"e-con-inner\">\n\t\t<div class=\"elementor-element elementor-element-11953a3 e-con-full e-flex e-con e-child\" data-id=\"11953a3\" data-element_type=\"container\" data-e-type=\"container\">\n\t\t\t\t<div class=\"elementor-element elementor-element-d9f036b elementor-widget elementor-widget-panthar-icon-box-widget\" data-id=\"d9f036b\" data-element_type=\"widget\" data-e-type=\"widget\" data-widget_type=\"panthar-icon-box-widget.default\">\n\t\t\t\t<div class=\"elementor-widget-container\">\n\t\t\t\t\t            <div class=\"intro-icon-box-3 icon-box-item top\"\n                 style=\"text-align:left\">\n                <div class=\"icon-wrap\">\n                                            <div class=\"icon\">\n                            <i aria-hidden=\"true\" class=\"icomoon icomoon-phone-2\"><\/i>                        <\/div>\n                                    <\/div>\n                <div class=\"content\">\n                    <a class=\"icon-box-anchor\" href=\"tel:+436765055437\" ><h3 class=\"title\">Telephone<\/h3><\/a><p>FIXREUMUNG GmbH 24\/7 Erreichbar  <\/p><h2 class=\"count-value\">+436765055437 <i class=\"icomoon-top-right-arrow\"><\/i><\/h2>                <\/div>\n            <\/div>\n        \t\t\t\t<\/div>\n\t\t\t\t<\/div>\n\t\t\t\t<\/div>\n\t\t<div class=\"elementor-element elementor-element-3cd5c1e e-con-full e-flex e-con e-child\" data-id=\"3cd5c1e\" data-element_type=\"container\" data-e-type=\"container\">\n\t\t\t\t<div class=\"elementor-element elementor-element-bef1b8b elementor-widget elementor-widget-panthar-icon-box-widget\" data-id=\"bef1b8b\" data-element_type=\"widget\" data-e-type=\"widget\" data-widget_type=\"panthar-icon-box-widget.default\">\n\t\t\t\t<div class=\"elementor-widget-container\">\n\t\t\t\t\t            <div class=\"intro-icon-box-3 icon-box-item top\"\n                 style=\"text-align:left\">\n                <div class=\"icon-wrap\">\n                                            <div class=\"icon\">\n                            <i aria-hidden=\"true\" class=\"icomoon icomoon-mail\"><\/i>                        <\/div>\n                                    <\/div>\n                <div class=\"content\">\n                    <a class=\"icon-box-anchor\" href=\"mailto:office@fixreumung.at\" ><h3 class=\"title\">Email<\/h3><\/a><p>Our customer service is open from\nMon-Sun, 24\/7<\/p><h2 class=\"count-value\">office@fixreumung.at <i class=\"icomoon-top-right-arrow\"><\/i><\/h2>                <\/div>\n            <\/div>\n        \t\t\t\t<\/div>\n\t\t\t\t<\/div>\n\t\t\t\t<\/div>\n\t\t<div class=\"elementor-element elementor-element-59af83b e-con-full e-flex e-con e-child\" data-id=\"59af83b\" data-element_type=\"container\" data-e-type=\"container\">\n\t\t\t\t<div class=\"elementor-element elementor-element-ed5a901 elementor-widget elementor-widget-panthar-icon-box-widget\" data-id=\"ed5a901\" data-element_type=\"widget\" data-e-type=\"widget\" data-widget_type=\"panthar-icon-box-widget.default\">\n\t\t\t\t<div class=\"elementor-widget-container\">\n\t\t\t\t\t            <div class=\"intro-icon-box-3 icon-box-item top\"\n                 style=\"text-align:left\">\n                <div class=\"icon-wrap\">\n                                            <div class=\"icon\">\n                            <svg aria-hidden=\"true\" class=\"e-font-icon-svg e-fas-map-marker-alt\" viewbox=\"0 0 384 512\" xmlns=\"http:\/\/www.w3.org\/2000\/svg\"><path d=\"M172.268 501.67C26.97 291.031 0 269.413 0 192 0 85.961 85.961 0 192 0s192 85.961 192 192c0 77.413-26.97 99.031-172.268 309.67-9.535 13.774-29.93 13.773-39.464 0zM192 272c44.183 0 80-35.817 80-80s-35.817-80-80-80-80 35.817-80 80 35.817 80 80 80z\"><\/path><\/svg>                        <\/div>\n                                    <\/div>\n                <div class=\"content\">\n                    <a class=\"icon-box-anchor\" ><h3 class=\"title\">Location<\/h3><\/a><p>Unsere Kundenbetreuung ist ge\u00f6ffnet\nMo - So, 08:00-19:00 <\/p><h2 class=\"count-value\">AUSTRIA | VIENNA <i class=\"icomoon-top-right-arrow\"><\/i><\/h2>                <\/div>\n            <\/div>\n        \t\t\t\t<\/div>\n\t\t\t\t<\/div>\n\t\t\t\t<\/div>\n\t\t\t\t\t<\/div>\n\t\t\t\t<\/div>\n\t\t\t\t<\/div>","protected":false},"excerpt":{"rendered":"<p>JETZT ANFRAGEN JETZT KONTAKTIEREN Ihr Profi f\u00fcr Entr\u00fcmpelung in Wien, N\u00d6 &amp; Burgenland \ud83c\udde6\ud83c\uddf9 Zackig, sauber &amp; diskret \u2013 mit Herz, Verstand und Wiener Schm\u00e4h. Wir r\u00e4umen auf, wo\u2019s brennt \u2013 verl\u00e4sslich, flott und ohne gro\u00dfes G&#8217;red. Telefon &nbsp; FIXREUMUNG GmbH 24\/7 Erreichbar +436765055437 &nbsp; Email &nbsp; Unsere Kundenbetreuung ist ge\u00f6ffnet von Mo-So, 24\/7 office@fixreumung.at<\/p>","protected":false},"author":9,"featured_media":0,"parent":0,"menu_order":0,"comment_status":"closed","ping_status":"closed","template":"","meta":{"footnotes":""},"class_list":["post-6057","page","type-page","status-publish","hentry"],"_links":{"self":[{"href":"https:\/\/fixreumung.at\/en\/wp-json\/wp\/v2\/pages\/6057","targetHints":{"allow":["GET"]}}],"collection":[{"href":"https:\/\/fixreumung.at\/en\/wp-json\/wp\/v2\/pages"}],"about":[{"href":"https:\/\/fixreumung.at\/en\/wp-json\/wp\/v2\/types\/page"}],"author":[{"embeddable":true,"href":"https:\/\/fixreumung.at\/en\/wp-json\/wp\/v2\/users\/9"}],"replies":[{"embeddable":true,"href":"https:\/\/fixreumung.at\/en\/wp-json\/wp\/v2\/comments?post=6057"}],"version-history":[{"count":28,"href":"https:\/\/fixreumung.at\/en\/wp-json\/wp\/v2\/pages\/6057\/revisions"}],"predecessor-version":[{"id":12108,"href":"https:\/\/fixreumung.at\/en\/wp-json\/wp\/v2\/pages\/6057\/revisions\/12108"}],"wp:attachment":[{"href":"https:\/\/fixreumung.at\/en\/wp-json\/wp\/v2\/media?parent=6057"}],"curies":[{"name":"wp","href":"https:\/\/api.w.org\/{rel}","templated":true}]}}